{"id":391,"date":"2025-07-23T18:12:56","date_gmt":"2025-07-23T16:12:56","guid":{"rendered":"https:\/\/gdfondation.ch\/la-fondatrice\/"},"modified":"2025-07-28T10:34:11","modified_gmt":"2025-07-28T08:34:11","slug":"la-fondatrice","status":"publish","type":"page","link":"https:\/\/gdfondation.ch\/fr\/la-fondatrice\/","title":{"rendered":"La fondatrice"},"content":{"rendered":"\t\t<div data-elementor-type=\"wp-page\" data-elementor-id=\"391\" class=\"elementor elementor-391 elementor-94\">\n\t\t\t\t<div class=\"elementor-element elementor-element-66e7237 e-flex e-con-boxed e-con e-parent\" data-id=\"66e7237\" data-element_type=\"container\" data-e-type=\"container\" data-settings=\"{&quot;background_background&quot;:&quot;classic&quot;}\">\n\t\t\t\t\t<div class=\"e-con-inner\">\n\t\t\t\t<div class=\"elementor-element elementor-element-65a2b73 elementor-widget elementor-widget-heading\" data-id=\"65a2b73\" data-element_type=\"widget\" data-e-type=\"widget\" data-widget_type=\"heading.default\">\n\t\t\t\t\t<h1 class=\"elementor-heading-title elementor-size-default\">Elina Gianoli<br>(1941-2021)<\/h1>\t\t\t\t<\/div>\n\t\t\t\t<div class=\"elementor-element elementor-element-ebd4dfd elementor-widget elementor-widget-text-editor\" data-id=\"ebd4dfd\" data-element_type=\"widget\" data-e-type=\"widget\" data-widget_type=\"text-editor.default\">\n\t\t\t\t\t\t\t\t\tElina a su transmettre son perp\u00e9tuel enthousiasme de pouvoir contribuer \u00e0 des initiatives qui encouragent la diffusion d&rsquo;un esprit chr\u00e9tien dans la soci\u00e9t\u00e9, partout dans le monde.\t\t\t\t\t\t\t\t<\/div>\n\t\t\t\t<div class=\"elementor-element elementor-element-ebf0a8c elementor-widget elementor-widget-spacer\" data-id=\"ebf0a8c\" data-element_type=\"widget\" data-e-type=\"widget\" data-widget_type=\"spacer.default\">\n\t\t\t\t\t\t\t<div class=\"elementor-spacer\">\n\t\t\t<div class=\"elementor-spacer-inner\"><\/div>\n\t\t<\/div>\n\t\t\t\t\t\t<\/div>\n\t\t\t\t<div class=\"elementor-element elementor-element-cffde39 elementor-widget elementor-widget-text-editor\" data-id=\"cffde39\" data-element_type=\"widget\" data-e-type=\"widget\" data-widget_type=\"text-editor.default\">\n\t\t\t\t\t\t\t\t\tImage: pr\u00e9sentation de la Chaire \u00ab\u00a0Elina Gianoli Gainza\u00a0\u00bb \u00e0 la Pontificia Universit\u00e0 della Santa Croce (Rome)\t\t\t\t\t\t\t\t<\/div>\n\t\t\t\t\t<\/div>\n\t\t\t\t<\/div>\n\t\t<div class=\"elementor-element elementor-element-d5ad0a8 e-flex e-con-boxed e-con e-parent\" data-id=\"d5ad0a8\" data-element_type=\"container\" data-e-type=\"container\">\n\t\t\t\t\t<div class=\"e-con-inner\">\n\t\t<div class=\"elementor-element elementor-element-6215eb3 e-con-full e-flex e-con e-child\" data-id=\"6215eb3\" data-element_type=\"container\" data-e-type=\"container\">\n\t\t\t\t<div class=\"elementor-element elementor-element-3ff4911 elementor-widget elementor-widget-image\" data-id=\"3ff4911\" data-element_type=\"widget\" data-e-type=\"widget\" data-widget_type=\"image.default\">\n\t\t\t\t\t\t\t\t\t\t\t\t\t\t\t<img fetchpriority=\"high\" decoding=\"async\" width=\"1024\" height=\"559\" src=\"https:\/\/gdfondation.ch\/wp-content\/uploads\/2025\/07\/elina_alegria-1024x559.png\" class=\"attachment-large size-large wp-image-321\" alt=\"\" srcset=\"https:\/\/gdfondation.ch\/wp-content\/uploads\/2025\/07\/elina_alegria-1024x559.png 1024w, https:\/\/gdfondation.ch\/wp-content\/uploads\/2025\/07\/elina_alegria-300x164.png 300w, https:\/\/gdfondation.ch\/wp-content\/uploads\/2025\/07\/elina_alegria-768x419.png 768w, https:\/\/gdfondation.ch\/wp-content\/uploads\/2025\/07\/elina_alegria-1536x839.png 1536w, https:\/\/gdfondation.ch\/wp-content\/uploads\/2025\/07\/elina_alegria-2048x1118.png 2048w\" sizes=\"(max-width: 1024px) 100vw, 1024px\" \/>\t\t\t\t\t\t\t\t\t\t\t\t\t\t\t<\/div>\n\t\t\t\t<\/div>\n\t\t<div class=\"elementor-element elementor-element-736ba05 e-con-full e-flex e-con e-child\" data-id=\"736ba05\" data-element_type=\"container\" data-e-type=\"container\">\n\t\t\t\t<div class=\"elementor-element elementor-element-eff4fb4 elementor-widget elementor-widget-heading\" data-id=\"eff4fb4\" data-element_type=\"widget\" data-e-type=\"widget\" data-widget_type=\"heading.default\">\n\t\t\t\t\t<h4 class=\"elementor-heading-title elementor-size-default\">Elle s'est d\u00e9marqu\u00e9e par sa libert\u00e9 d'esprit et sa joie, ainsi que par sa vocation \u00e0 aider, toujours avec humilit\u00e9 et discr\u00e9tion.<\/h4>\t\t\t\t<\/div>\n\t\t\t\t<div class=\"elementor-element elementor-element-ec7aa4b elementor-widget elementor-widget-text-editor\" data-id=\"ec7aa4b\" data-element_type=\"widget\" data-e-type=\"widget\" data-widget_type=\"text-editor.default\">\n\t\t\t\t\t\t\t\t\tElina aimait \u00e0 dire que son chemin consistait \u00e0 essayer de semer la paix et la joie. Ses amies la d\u00e9crivent comme une personne heureuse, avec une attitude positive, pleine d&#8217;empathie et de force, tr\u00e8s authentique et humaine. \t\t\t\t\t\t\t\t<\/div>\n\t\t\t\t<\/div>\n\t\t\t\t\t<\/div>\n\t\t\t\t<\/div>\n\t\t<div class=\"elementor-element elementor-element-8729fd5 e-flex e-con-boxed e-con e-parent\" data-id=\"8729fd5\" data-element_type=\"container\" data-e-type=\"container\" data-settings=\"{&quot;background_background&quot;:&quot;classic&quot;}\">\n\t\t\t\t\t<div class=\"e-con-inner\">\n\t\t\t\t<div class=\"elementor-element elementor-element-ec12708 elementor-widget elementor-widget-heading\" data-id=\"ec12708\" data-element_type=\"widget\" data-e-type=\"widget\" data-widget_type=\"heading.default\">\n\t\t\t\t\t<h2 class=\"elementor-heading-title elementor-size-default\">Qui \u00e9tait Elina<\/h2>\t\t\t\t<\/div>\n\t\t\t\t<div class=\"elementor-element elementor-element-5d3eac6 elementor-widget elementor-widget-text-editor\" data-id=\"5d3eac6\" data-element_type=\"widget\" data-e-type=\"widget\" data-widget_type=\"text-editor.default\">\n\t\t\t\t\t\t\t\t\t<p>Elina Patricia Gianoli Gainza est n\u00e9e \u00e0 Vi\u00f1a del Mar (Valpara\u00edso) en 1941 et elle est d\u00e9c\u00e9d\u00e9e \u00e0 Buenos Aires en 2021. Chilienne, Uruguayenne et Argentine de c\u0153ur, elle a laiss\u00e9 son empreinte dans les trois pays o\u00f9 elle naquit, grandit et travailla. \u00c0 partir du 2 octobre 1960, en devenant membre de l&rsquo;Opus Dei, institution de l&rsquo;\u00c9glise catholique, <b>elle s&rsquo;est d\u00e9di\u00e9e \u00e0 mener de l&rsquo;avant des projets li\u00e9s \u00e0 l&rsquo;\u00e9ducation et au d\u00e9veloppement humain<\/b>, en toute libert\u00e9 et afin de rendre pr\u00e9sent, \u00e0 travers ses occupations quotidiennes, la joie de l&rsquo;\u00c9vangile.  <\/p><p><i style=\"font-weight: inherit;\">Texte extrait du site elinagianoli.org, r\u00e9alis\u00e9 par les amies d&rsquo;Elina apr\u00e8s son d\u00e9c\u00e8s.<\/i><\/p>\t\t\t\t\t\t\t\t<\/div>\n\t\t\t\t\t<\/div>\n\t\t\t\t<\/div>\n\t\t<div class=\"elementor-element elementor-element-ab3f242 e-flex e-con-boxed e-con e-parent\" data-id=\"ab3f242\" data-element_type=\"container\" data-e-type=\"container\">\n\t\t\t\t\t<div class=\"e-con-inner\">\n\t\t<div class=\"elementor-element elementor-element-deb3de5 e-con-full e-flex e-con e-child\" data-id=\"deb3de5\" data-element_type=\"container\" data-e-type=\"container\">\n\t\t\t\t<div class=\"elementor-element elementor-element-78fb841 elementor-widget elementor-widget-heading\" data-id=\"78fb841\" data-element_type=\"widget\" data-e-type=\"widget\" data-widget_type=\"heading.default\">\n\t\t\t\t\t<h2 class=\"elementor-heading-title elementor-size-default\">Projets<\/h2>\t\t\t\t<\/div>\n\t\t\t\t<div class=\"elementor-element elementor-element-844ce44 elementor-widget elementor-widget-text-editor\" data-id=\"844ce44\" data-element_type=\"widget\" data-e-type=\"widget\" data-widget_type=\"text-editor.default\">\n\t\t\t\t\t\t\t\t\tLa g\u00e9n\u00e9rosit\u00e9 qui caract\u00e9risait Elina Gianoli se refl\u00e8te dans tous les projets qu&rsquo;elle a voulu soutenir par des aides, \u00e0 travers la fondation G&amp;D, lors des derni\u00e8res ann\u00e9es de sa vie.\t\t\t\t\t\t\t\t<\/div>\n\t\t\t\t<div class=\"elementor-element elementor-element-f039221 elementor-align-center elementor-mobile-align-center elementor-widget elementor-widget-button\" data-id=\"f039221\" data-element_type=\"widget\" data-e-type=\"widget\" data-widget_type=\"button.default\">\n\t\t\t\t\t\t\t\t\t\t<a class=\"elementor-button elementor-button-link elementor-size-sm\" href=\"https:\/\/gdfondation.ch\/proyectos\/\">\n\t\t\t\t\t\t<span class=\"elementor-button-content-wrapper\">\n\t\t\t\t\t\t\t\t\t<span class=\"elementor-button-text\">Conna\u00eetre les projets<\/span>\n\t\t\t\t\t<\/span>\n\t\t\t\t\t<\/a>\n\t\t\t\t\t\t\t\t<\/div>\n\t\t\t\t<\/div>\n\t\t<div class=\"elementor-element elementor-element-86539fe e-con-full e-flex e-con e-child\" data-id=\"86539fe\" data-element_type=\"container\" data-e-type=\"container\">\n\t\t\t\t<div class=\"elementor-element elementor-element-0d6f50f elementor-widget elementor-widget-image\" data-id=\"0d6f50f\" data-element_type=\"widget\" data-e-type=\"widget\" data-widget_type=\"image.default\">\n\t\t\t\t\t\t\t\t\t\t\t\t\t\t\t<img decoding=\"async\" width=\"852\" height=\"572\" src=\"https:\/\/gdfondation.ch\/wp-content\/uploads\/2025\/07\/pusc.png\" class=\"attachment-full size-full wp-image-323\" alt=\"\" srcset=\"https:\/\/gdfondation.ch\/wp-content\/uploads\/2025\/07\/pusc.png 852w, https:\/\/gdfondation.ch\/wp-content\/uploads\/2025\/07\/pusc-300x201.png 300w, https:\/\/gdfondation.ch\/wp-content\/uploads\/2025\/07\/pusc-768x516.png 768w\" sizes=\"(max-width: 852px) 100vw, 852px\" \/>\t\t\t\t\t\t\t\t\t\t\t\t\t\t\t<\/div>\n\t\t\t\t<\/div>\n\t\t\t\t\t<\/div>\n\t\t\t\t<\/div>\n\t\t<div class=\"elementor-element elementor-element-832ff6b e-flex e-con-boxed e-con e-parent\" data-id=\"832ff6b\" data-element_type=\"container\" data-e-type=\"container\" data-settings=\"{&quot;background_background&quot;:&quot;classic&quot;}\">\n\t\t\t\t\t<div class=\"e-con-inner\">\n\t\t\t\t<div class=\"elementor-element elementor-element-1069594 elementor-widget elementor-widget-heading\" data-id=\"1069594\" data-element_type=\"widget\" data-e-type=\"widget\" data-widget_type=\"heading.default\">\n\t\t\t\t\t<h2 class=\"elementor-heading-title elementor-size-default\">Contact<\/h2>\t\t\t\t<\/div>\n\t\t\t\t<div class=\"elementor-element elementor-element-7d8023d elementor-widget elementor-widget-image\" data-id=\"7d8023d\" data-element_type=\"widget\" data-e-type=\"widget\" data-widget_type=\"image.default\">\n\t\t\t\t\t\t\t\t\t\t\t\t\t\t\t<img decoding=\"async\" width=\"2560\" height=\"1946\" src=\"https:\/\/gdfondation.ch\/wp-content\/uploads\/2025\/07\/logos__GD_1_blanco-scaled.png\" class=\"attachment-full size-full wp-image-251\" alt=\"\" srcset=\"https:\/\/gdfondation.ch\/wp-content\/uploads\/2025\/07\/logos__GD_1_blanco-scaled.png 2560w, https:\/\/gdfondation.ch\/wp-content\/uploads\/2025\/07\/logos__GD_1_blanco-300x228.png 300w, https:\/\/gdfondation.ch\/wp-content\/uploads\/2025\/07\/logos__GD_1_blanco-1024x778.png 1024w, https:\/\/gdfondation.ch\/wp-content\/uploads\/2025\/07\/logos__GD_1_blanco-768x584.png 768w, https:\/\/gdfondation.ch\/wp-content\/uploads\/2025\/07\/logos__GD_1_blanco-1536x1167.png 1536w, https:\/\/gdfondation.ch\/wp-content\/uploads\/2025\/07\/logos__GD_1_blanco-2048x1557.png 2048w\" sizes=\"(max-width: 2560px) 100vw, 2560px\" \/>\t\t\t\t\t\t\t\t\t\t\t\t\t\t\t<\/div>\n\t\t\t\t<div class=\"elementor-element elementor-element-6bf1f80 elementor-widget elementor-widget-text-editor\" data-id=\"6bf1f80\" data-element_type=\"widget\" data-e-type=\"widget\" data-widget_type=\"text-editor.default\">\n\t\t\t\t\t\t\t\t\tRoute de Ch\u00eane 30, 1208 Gen\u00e8ve\t\t\t\t\t\t\t\t<\/div>\n\t\t\t\t\t<\/div>\n\t\t\t\t<\/div>\n\t\t\t\t<\/div>\n\t\t","protected":false},"excerpt":{"rendered":"<p>Elina Gianoli(1941-2021) Elina a su transmettre son perp\u00e9tuel enthousiasme de pouvoir contribuer \u00e0 des initiatives qui encouragent la diffusion d&rsquo;un [&hellip;]<\/p>\n","protected":false},"author":2,"featured_media":0,"parent":0,"menu_order":0,"comment_status":"closed","ping_status":"closed","template":"","meta":{"site-sidebar-layout":"no-sidebar","site-content-layout":"","ast-site-content-layout":"full-width-container","site-content-style":"unboxed","site-sidebar-style":"default","ast-global-header-display":"","ast-banner-title-visibility":"","ast-main-header-display":"","ast-hfb-above-header-display":"","ast-hfb-below-header-display":"","ast-hfb-mobile-header-display":"","site-post-title":"disabled","ast-breadcrumbs-content":"","ast-featured-img":"disabled","footer-sml-layout":"","ast-disable-related-posts":"","theme-transparent-header-meta":"","adv-header-id-meta":"","stick-header-meta":"","header-above-stick-meta":"","header-main-stick-meta":"","header-below-stick-meta":"","astra-migrate-meta-layouts":"default","ast-page-background-enabled":"default","ast-page-background-meta":{"desktop":{"background-color":"var(--ast-global-color-5)","background-image":"","background-repeat":"repeat","background-position":"center center","background-size":"auto","background-attachment":"scroll","background-type":"","background-media":"","overlay-type":"","overlay-color":"","overlay-opacity":"","overlay-gradient":""},"tablet":{"background-color":"","background-image":"","background-repeat":"repeat","background-position":"center center","background-size":"auto","background-attachment":"scroll","background-type":"","background-media":"","overlay-type":"","overlay-color":"","overlay-opacity":"","overlay-gradient":""},"mobile":{"background-color":"","background-image":"","background-repeat":"repeat","background-position":"center center","background-size":"auto","background-attachment":"scroll","background-type":"","background-media":"","overlay-type":"","overlay-color":"","overlay-opacity":"","overlay-gradient":""}},"ast-content-background-meta":{"desktop":{"background-color":"var(--ast-global-color-4)","background-image":"","background-repeat":"repeat","background-position":"center center","background-size":"auto","background-attachment":"scroll","background-type":"","background-media":"","overlay-type":"","overlay-color":"","overlay-opacity":"","overlay-gradient":""},"tablet":{"background-color":"var(--ast-global-color-4)","background-image":"","background-repeat":"repeat","background-position":"center center","background-size":"auto","background-attachment":"scroll","background-type":"","background-media":"","overlay-type":"","overlay-color":"","overlay-opacity":"","overlay-gradient":""},"mobile":{"background-color":"var(--ast-global-color-4)","background-image":"","background-repeat":"repeat","background-position":"center center","background-size":"auto","background-attachment":"scroll","background-type":"","background-media":"","overlay-type":"","overlay-color":"","overlay-opacity":"","overlay-gradient":""}},"footnotes":""},"class_list":["post-391","page","type-page","status-publish","hentry"],"yoast_head":"<!-- This site is optimized with the Yoast SEO plugin v27.0 - https:\/\/yoast.com\/product\/yoast-seo-wordpress\/ -->\n<title>La fondatrice - gdfondation<\/title>\n<meta name=\"description\" content=\"Elina a su transmettre son perp\u00e9tuel enthousiasme de pouvoir contribuer \u00e0 des initiatives qui encouragent la diffusion d&#039;un esprit chr\u00e9tien dans la soci\u00e9t\u00e9.\" \/>\n<meta name=\"robots\" content=\"index, follow, max-snippet:-1, max-image-preview:large, max-video-preview:-1\" \/>\n<link rel=\"canonical\" href=\"https:\/\/gdfondation.ch\/fr\/la-fondatrice\/\" \/>\n<meta property=\"og:locale\" content=\"fr_FR\" \/>\n<meta property=\"og:type\" content=\"article\" \/>\n<meta property=\"og:title\" content=\"La fondatrice - gdfondation\" \/>\n<meta property=\"og:description\" content=\"Elina a su transmettre son perp\u00e9tuel enthousiasme de pouvoir contribuer \u00e0 des initiatives qui encouragent la diffusion d&#039;un esprit chr\u00e9tien dans la soci\u00e9t\u00e9.\" \/>\n<meta property=\"og:url\" content=\"https:\/\/gdfondation.ch\/fr\/la-fondatrice\/\" \/>\n<meta property=\"og:site_name\" content=\"gdfondation\" \/>\n<meta property=\"article:modified_time\" content=\"2025-07-28T08:34:11+00:00\" \/>\n<meta property=\"og:image\" content=\"https:\/\/gdfondation.ch\/wp-content\/uploads\/2025\/07\/elina_alegria-scaled.png\" \/>\n\t<meta property=\"og:image:width\" content=\"2560\" \/>\n\t<meta property=\"og:image:height\" content=\"1398\" \/>\n\t<meta property=\"og:image:type\" content=\"image\/png\" \/>\n<meta name=\"twitter:card\" content=\"summary_large_image\" \/>\n<meta name=\"twitter:label1\" content=\"Dur\u00e9e de lecture estim\u00e9e\" \/>\n\t<meta name=\"twitter:data1\" content=\"1 minute\" \/>\n<script type=\"application\/ld+json\" class=\"yoast-schema-graph\">{\"@context\":\"https:\/\/schema.org\",\"@graph\":[{\"@type\":\"WebPage\",\"@id\":\"https:\/\/gdfondation.ch\/fr\/la-fondatrice\/\",\"url\":\"https:\/\/gdfondation.ch\/fr\/la-fondatrice\/\",\"name\":\"La fondatrice - gdfondation\",\"isPartOf\":{\"@id\":\"https:\/\/gdfondation.ch\/fr\/#website\"},\"primaryImageOfPage\":{\"@id\":\"https:\/\/gdfondation.ch\/fr\/la-fondatrice\/#primaryimage\"},\"image\":{\"@id\":\"https:\/\/gdfondation.ch\/fr\/la-fondatrice\/#primaryimage\"},\"thumbnailUrl\":\"https:\/\/gdfondation.ch\/wp-content\/uploads\/2025\/07\/elina_alegria-1024x559.png\",\"datePublished\":\"2025-07-23T16:12:56+00:00\",\"dateModified\":\"2025-07-28T08:34:11+00:00\",\"description\":\"Elina a su transmettre son perp\u00e9tuel enthousiasme de pouvoir contribuer \u00e0 des initiatives qui encouragent la diffusion d'un esprit chr\u00e9tien dans la soci\u00e9t\u00e9.\",\"breadcrumb\":{\"@id\":\"https:\/\/gdfondation.ch\/fr\/la-fondatrice\/#breadcrumb\"},\"inLanguage\":\"fr-FR\",\"potentialAction\":[{\"@type\":\"ReadAction\",\"target\":[\"https:\/\/gdfondation.ch\/fr\/la-fondatrice\/\"]}]},{\"@type\":\"ImageObject\",\"inLanguage\":\"fr-FR\",\"@id\":\"https:\/\/gdfondation.ch\/fr\/la-fondatrice\/#primaryimage\",\"url\":\"https:\/\/gdfondation.ch\/wp-content\/uploads\/2025\/07\/elina_alegria-1024x559.png\",\"contentUrl\":\"https:\/\/gdfondation.ch\/wp-content\/uploads\/2025\/07\/elina_alegria-1024x559.png\"},{\"@type\":\"BreadcrumbList\",\"@id\":\"https:\/\/gdfondation.ch\/fr\/la-fondatrice\/#breadcrumb\",\"itemListElement\":[{\"@type\":\"ListItem\",\"position\":1,\"name\":\"Portada\",\"item\":\"https:\/\/gdfondation.ch\/fr\/accueil\/\"},{\"@type\":\"ListItem\",\"position\":2,\"name\":\"La fondatrice\"}]},{\"@type\":\"WebSite\",\"@id\":\"https:\/\/gdfondation.ch\/fr\/#website\",\"url\":\"https:\/\/gdfondation.ch\/fr\/\",\"name\":\"gdfondation\",\"description\":\"\",\"publisher\":{\"@id\":\"https:\/\/gdfondation.ch\/fr\/#organization\"},\"potentialAction\":[{\"@type\":\"SearchAction\",\"target\":{\"@type\":\"EntryPoint\",\"urlTemplate\":\"https:\/\/gdfondation.ch\/fr\/?s={search_term_string}\"},\"query-input\":{\"@type\":\"PropertyValueSpecification\",\"valueRequired\":true,\"valueName\":\"search_term_string\"}}],\"inLanguage\":\"fr-FR\"},{\"@type\":\"Organization\",\"@id\":\"https:\/\/gdfondation.ch\/fr\/#organization\",\"name\":\"gdfondation\",\"url\":\"https:\/\/gdfondation.ch\/fr\/\",\"logo\":{\"@type\":\"ImageObject\",\"inLanguage\":\"fr-FR\",\"@id\":\"https:\/\/gdfondation.ch\/fr\/#\/schema\/logo\/image\/\",\"url\":\"https:\/\/gdfondation.ch\/wp-content\/uploads\/2025\/07\/icono_degradado.png\",\"contentUrl\":\"https:\/\/gdfondation.ch\/wp-content\/uploads\/2025\/07\/icono_degradado.png\",\"width\":2453,\"height\":1993,\"caption\":\"gdfondation\"},\"image\":{\"@id\":\"https:\/\/gdfondation.ch\/fr\/#\/schema\/logo\/image\/\"}}]}<\/script>\n<!-- \/ Yoast SEO plugin. -->","yoast_head_json":{"title":"La fondatrice - gdfondation","description":"Elina a su transmettre son perp\u00e9tuel enthousiasme de pouvoir contribuer \u00e0 des initiatives qui encouragent la diffusion d'un esprit chr\u00e9tien dans la soci\u00e9t\u00e9.","robots":{"index":"index","follow":"follow","max-snippet":"max-snippet:-1","max-image-preview":"max-image-preview:large","max-video-preview":"max-video-preview:-1"},"canonical":"https:\/\/gdfondation.ch\/fr\/la-fondatrice\/","og_locale":"fr_FR","og_type":"article","og_title":"La fondatrice - gdfondation","og_description":"Elina a su transmettre son perp\u00e9tuel enthousiasme de pouvoir contribuer \u00e0 des initiatives qui encouragent la diffusion d'un esprit chr\u00e9tien dans la soci\u00e9t\u00e9.","og_url":"https:\/\/gdfondation.ch\/fr\/la-fondatrice\/","og_site_name":"gdfondation","article_modified_time":"2025-07-28T08:34:11+00:00","og_image":[{"width":2560,"height":1398,"url":"https:\/\/gdfondation.ch\/wp-content\/uploads\/2025\/07\/elina_alegria-scaled.png","type":"image\/png"}],"twitter_card":"summary_large_image","twitter_misc":{"Dur\u00e9e de lecture estim\u00e9e":"1 minute"},"schema":{"@context":"https:\/\/schema.org","@graph":[{"@type":"WebPage","@id":"https:\/\/gdfondation.ch\/fr\/la-fondatrice\/","url":"https:\/\/gdfondation.ch\/fr\/la-fondatrice\/","name":"La fondatrice - gdfondation","isPartOf":{"@id":"https:\/\/gdfondation.ch\/fr\/#website"},"primaryImageOfPage":{"@id":"https:\/\/gdfondation.ch\/fr\/la-fondatrice\/#primaryimage"},"image":{"@id":"https:\/\/gdfondation.ch\/fr\/la-fondatrice\/#primaryimage"},"thumbnailUrl":"https:\/\/gdfondation.ch\/wp-content\/uploads\/2025\/07\/elina_alegria-1024x559.png","datePublished":"2025-07-23T16:12:56+00:00","dateModified":"2025-07-28T08:34:11+00:00","description":"Elina a su transmettre son perp\u00e9tuel enthousiasme de pouvoir contribuer \u00e0 des initiatives qui encouragent la diffusion d'un esprit chr\u00e9tien dans la soci\u00e9t\u00e9.","breadcrumb":{"@id":"https:\/\/gdfondation.ch\/fr\/la-fondatrice\/#breadcrumb"},"inLanguage":"fr-FR","potentialAction":[{"@type":"ReadAction","target":["https:\/\/gdfondation.ch\/fr\/la-fondatrice\/"]}]},{"@type":"ImageObject","inLanguage":"fr-FR","@id":"https:\/\/gdfondation.ch\/fr\/la-fondatrice\/#primaryimage","url":"https:\/\/gdfondation.ch\/wp-content\/uploads\/2025\/07\/elina_alegria-1024x559.png","contentUrl":"https:\/\/gdfondation.ch\/wp-content\/uploads\/2025\/07\/elina_alegria-1024x559.png"},{"@type":"BreadcrumbList","@id":"https:\/\/gdfondation.ch\/fr\/la-fondatrice\/#breadcrumb","itemListElement":[{"@type":"ListItem","position":1,"name":"Portada","item":"https:\/\/gdfondation.ch\/fr\/accueil\/"},{"@type":"ListItem","position":2,"name":"La fondatrice"}]},{"@type":"WebSite","@id":"https:\/\/gdfondation.ch\/fr\/#website","url":"https:\/\/gdfondation.ch\/fr\/","name":"gdfondation","description":"","publisher":{"@id":"https:\/\/gdfondation.ch\/fr\/#organization"},"potentialAction":[{"@type":"SearchAction","target":{"@type":"EntryPoint","urlTemplate":"https:\/\/gdfondation.ch\/fr\/?s={search_term_string}"},"query-input":{"@type":"PropertyValueSpecification","valueRequired":true,"valueName":"search_term_string"}}],"inLanguage":"fr-FR"},{"@type":"Organization","@id":"https:\/\/gdfondation.ch\/fr\/#organization","name":"gdfondation","url":"https:\/\/gdfondation.ch\/fr\/","logo":{"@type":"ImageObject","inLanguage":"fr-FR","@id":"https:\/\/gdfondation.ch\/fr\/#\/schema\/logo\/image\/","url":"https:\/\/gdfondation.ch\/wp-content\/uploads\/2025\/07\/icono_degradado.png","contentUrl":"https:\/\/gdfondation.ch\/wp-content\/uploads\/2025\/07\/icono_degradado.png","width":2453,"height":1993,"caption":"gdfondation"},"image":{"@id":"https:\/\/gdfondation.ch\/fr\/#\/schema\/logo\/image\/"}}]}},"_links":{"self":[{"href":"https:\/\/gdfondation.ch\/fr\/wp-json\/wp\/v2\/pages\/391","targetHints":{"allow":["GET"]}}],"collection":[{"href":"https:\/\/gdfondation.ch\/fr\/wp-json\/wp\/v2\/pages"}],"about":[{"href":"https:\/\/gdfondation.ch\/fr\/wp-json\/wp\/v2\/types\/page"}],"author":[{"embeddable":true,"href":"https:\/\/gdfondation.ch\/fr\/wp-json\/wp\/v2\/users\/2"}],"replies":[{"embeddable":true,"href":"https:\/\/gdfondation.ch\/fr\/wp-json\/wp\/v2\/comments?post=391"}],"version-history":[{"count":2,"href":"https:\/\/gdfondation.ch\/fr\/wp-json\/wp\/v2\/pages\/391\/revisions"}],"predecessor-version":[{"id":393,"href":"https:\/\/gdfondation.ch\/fr\/wp-json\/wp\/v2\/pages\/391\/revisions\/393"}],"wp:attachment":[{"href":"https:\/\/gdfondation.ch\/fr\/wp-json\/wp\/v2\/media?parent=391"}],"curies":[{"name":"wp","href":"https:\/\/api.w.org\/{rel}","templated":true}]}}