{"id":499,"date":"2025-07-23T18:15:24","date_gmt":"2025-07-23T16:15:24","guid":{"rendered":"https:\/\/gdfondation.ch\/transparence\/"},"modified":"2026-02-26T11:34:49","modified_gmt":"2026-02-26T10:34:49","slug":"transparence","status":"publish","type":"page","link":"https:\/\/gdfondation.ch\/fr\/transparence\/","title":{"rendered":"Transparence"},"content":{"rendered":"\t\t<div data-elementor-type=\"wp-page\" data-elementor-id=\"499\" class=\"elementor elementor-499 elementor-96\">\n\t\t\t\t<div class=\"elementor-element elementor-element-31012d5 e-flex e-con-boxed e-con e-parent\" data-id=\"31012d5\" data-element_type=\"container\" data-e-type=\"container\" data-settings=\"{&quot;background_background&quot;:&quot;classic&quot;}\">\n\t\t\t\t\t<div class=\"e-con-inner\">\n\t\t\t\t<div class=\"elementor-element elementor-element-ce29b5c elementor-widget elementor-widget-heading\" data-id=\"ce29b5c\" data-element_type=\"widget\" data-e-type=\"widget\" data-widget_type=\"heading.default\">\n\t\t\t\t\t<h1 class=\"elementor-heading-title elementor-size-default\">Transparence<\/h1>\t\t\t\t<\/div>\n\t\t\t\t\t<\/div>\n\t\t\t\t<\/div>\n\t\t<div class=\"elementor-element elementor-element-f815f83 e-flex e-con-boxed e-con e-parent\" data-id=\"f815f83\" data-element_type=\"container\" data-e-type=\"container\">\n\t\t\t\t\t<div class=\"e-con-inner\">\n\t\t\t\t<div class=\"elementor-element elementor-element-c623488 elementor-widget elementor-widget-heading\" data-id=\"c623488\" data-element_type=\"widget\" data-e-type=\"widget\" data-widget_type=\"heading.default\">\n\t\t\t\t\t<h2 class=\"elementor-heading-title elementor-size-default\">Politique d'Int\u00e9grit\u00e9 et de Bon Gouvernement<\/h2>\t\t\t\t<\/div>\n\t\t\t\t<div class=\"elementor-element elementor-element-df08d7c elementor-widget elementor-widget-text-editor\" data-id=\"df08d7c\" data-element_type=\"widget\" data-e-type=\"widget\" data-widget_type=\"text-editor.default\">\n\t\t\t\t\t\t\t\t\t<p>Depuis nos d\u00e9buts en 2014, nous oeuvrons \u00e0 construire un environnement fond\u00e9 sur la droiture, l&rsquo;\u00e9thique et la transparence. Toutes nos actions sont guid\u00e9es par une politique d&rsquo;int\u00e9grit\u00e9 rigoureuse, reposant sur une gestion responsable des fonds et approuv\u00e9e par les meilleures pratiques internationales.<\/p><p>Nous soutenons avec d\u00e9termination la mission altruiste de la Fondation et son renforcement. Chaque don et chaque projet sont r\u00e9alis\u00e9s avec une transparence totale, une grande diligence et un ferme engagement envers les valeurs qui repr\u00e9sentent la Fondation.<\/p><p>Nous travaillons ensemble pour g\u00e9n\u00e9rer un impact positif et durable, en accord avec les objectifs philanthropiques qui ont inspir\u00e9 la cr\u00e9ation de la Fondation G&amp;D.<\/p>\t\t\t\t\t\t\t\t<\/div>\n\t\t\t\t<div class=\"elementor-element elementor-element-74e81ad elementor-align-center elementor-widget elementor-widget-button\" data-id=\"74e81ad\" data-element_type=\"widget\" data-e-type=\"widget\" data-widget_type=\"button.default\">\n\t\t\t\t\t\t\t\t\t\t<a class=\"elementor-button elementor-button-link elementor-size-sm\" href=\"https:\/\/gdfondation.ch\/wp-content\/uploads\/2026\/01\/MANUAL-DE-BUENAS-PRACTICAS-Y-COMPLIANCE-.FUNDACION-GD-2025-Nuevo-Formato.-Espanol.docx.pdf\" target=\"_blank\">\n\t\t\t\t\t\t<span class=\"elementor-button-content-wrapper\">\n\t\t\t\t\t\t\t\t\t<span class=\"elementor-button-text\">Pour en savoir plus sur nos meilleures pratiques, cliquez ici - ESP<\/span>\n\t\t\t\t\t<\/span>\n\t\t\t\t\t<\/a>\n\t\t\t\t\t\t\t\t<\/div>\n\t\t\t\t<div class=\"elementor-element elementor-element-0b14c74 elementor-align-center elementor-widget elementor-widget-button\" data-id=\"0b14c74\" data-element_type=\"widget\" data-e-type=\"widget\" data-widget_type=\"button.default\">\n\t\t\t\t\t\t\t\t\t\t<a class=\"elementor-button elementor-button-link elementor-size-sm\" href=\"https:\/\/gdfondation.ch\/wp-content\/uploads\/2026\/01\/Compliance-and-Best-Practices-Manual-2025-GD-Foundation-English-Version.pdf\" target=\"_blank\">\n\t\t\t\t\t\t<span class=\"elementor-button-content-wrapper\">\n\t\t\t\t\t\t\t\t\t<span class=\"elementor-button-text\">Pour en savoir plus sur nos meilleures pratiques, cliquez ici - ENG<\/span>\n\t\t\t\t\t<\/span>\n\t\t\t\t\t<\/a>\n\t\t\t\t\t\t\t\t<\/div>\n\t\t\t\t\t<\/div>\n\t\t\t\t<\/div>\n\t\t<div class=\"elementor-element elementor-element-2901dae e-flex e-con-boxed e-con e-parent\" data-id=\"2901dae\" data-element_type=\"container\" data-e-type=\"container\" data-settings=\"{&quot;background_background&quot;:&quot;classic&quot;}\">\n\t\t\t\t\t<div class=\"e-con-inner\">\n\t\t\t\t<div class=\"elementor-element elementor-element-aa0f175 elementor-widget elementor-widget-heading\" data-id=\"aa0f175\" data-element_type=\"widget\" data-e-type=\"widget\" data-widget_type=\"heading.default\">\n\t\t\t\t\t<h2 class=\"elementor-heading-title elementor-size-default\">Aides accord\u00e9es<\/h2>\t\t\t\t<\/div>\n\t\t\t\t<div class=\"elementor-element elementor-element-514eb1e elementor-widget elementor-widget-image\" data-id=\"514eb1e\" data-element_type=\"widget\" data-e-type=\"widget\" data-widget_type=\"image.default\">\n\t\t\t\t\t\t\t\t\t\t\t\t\t\t\t<img decoding=\"async\" width=\"1\" height=\"1\" src=\"https:\/\/gdfondation.ch\/wp-content\/uploads\/2026\/02\/mapa-ayudas-GD.svg\" class=\"attachment-large size-large wp-image-677\" alt=\"\" \/>\t\t\t\t\t\t\t\t\t\t\t\t\t\t\t<\/div>\n\t\t\t\t\t<\/div>\n\t\t\t\t<\/div>\n\t\t<div class=\"elementor-element elementor-element-12dc948 e-flex e-con-boxed e-con e-parent\" data-id=\"12dc948\" data-element_type=\"container\" data-e-type=\"container\" data-settings=\"{&quot;background_background&quot;:&quot;gradient&quot;}\">\n\t\t\t\t\t<div class=\"e-con-inner\">\n\t\t<div class=\"elementor-element elementor-element-3407e98 e-con-full e-flex e-con e-child\" data-id=\"3407e98\" data-element_type=\"container\" data-e-type=\"container\">\n\t\t<div class=\"elementor-element elementor-element-a9227d1 e-grid e-con-full e-con e-child\" data-id=\"a9227d1\" data-element_type=\"container\" data-e-type=\"container\">\n\t\t\t\t<div class=\"elementor-element elementor-element-acde886 elementor-widget elementor-widget-image\" data-id=\"acde886\" data-element_type=\"widget\" data-e-type=\"widget\" data-widget_type=\"image.default\">\n\t\t\t\t\t\t\t\t\t\t\t\t\t\t\t<img fetchpriority=\"high\" decoding=\"async\" width=\"619\" height=\"592\" src=\"https:\/\/gdfondation.ch\/wp-content\/uploads\/2025\/07\/gd_banner_elina.png\" class=\"attachment-large size-large wp-image-277\" alt=\"\" srcset=\"https:\/\/gdfondation.ch\/wp-content\/uploads\/2025\/07\/gd_banner_elina.png 619w, https:\/\/gdfondation.ch\/wp-content\/uploads\/2025\/07\/gd_banner_elina-300x287.png 300w\" sizes=\"(max-width: 619px) 100vw, 619px\" \/>\t\t\t\t\t\t\t\t\t\t\t\t\t\t\t<\/div>\n\t\t<div class=\"elementor-element elementor-element-e68b4dc e-con-full e-flex e-con e-child\" data-id=\"e68b4dc\" data-element_type=\"container\" data-e-type=\"container\">\n\t\t\t\t<div class=\"elementor-element elementor-element-12888cb elementor-widget elementor-widget-heading\" data-id=\"12888cb\" data-element_type=\"widget\" data-e-type=\"widget\" data-widget_type=\"heading.default\">\n\t\t\t\t\t<h3 class=\"elementor-heading-title elementor-size-default\">L'esprit de G&amp;D<\/h3>\t\t\t\t<\/div>\n\t\t\t\t<div class=\"elementor-element elementor-element-f760e00 elementor-align-left elementor-mobile-align-center elementor-widget elementor-widget-button\" data-id=\"f760e00\" data-element_type=\"widget\" data-e-type=\"widget\" data-widget_type=\"button.default\">\n\t\t\t\t\t\t\t\t\t\t<a class=\"elementor-button elementor-button-link elementor-size-sm\" href=\"https:\/\/gdfondation.ch\/fr\/la-fondatrice\/\">\n\t\t\t\t\t\t<span class=\"elementor-button-content-wrapper\">\n\t\t\t\t\t\t\t\t\t<span class=\"elementor-button-text\">Elina Gianoli<\/span>\n\t\t\t\t\t<\/span>\n\t\t\t\t\t<\/a>\n\t\t\t\t\t\t\t\t<\/div>\n\t\t\t\t<\/div>\n\t\t\t\t<\/div>\n\t\t\t\t<\/div>\n\t\t<div class=\"elementor-element elementor-element-b6326aa e-con-full e-flex e-con e-child\" data-id=\"b6326aa\" data-element_type=\"container\" data-e-type=\"container\">\n\t\t<div class=\"elementor-element elementor-element-9a7f41b e-grid e-con-full e-con e-child\" data-id=\"9a7f41b\" data-element_type=\"container\" data-e-type=\"container\">\n\t\t\t\t<div class=\"elementor-element elementor-element-27648e1 elementor-widget elementor-widget-image\" data-id=\"27648e1\" data-element_type=\"widget\" data-e-type=\"widget\" data-widget_type=\"image.default\">\n\t\t\t\t\t\t\t\t\t\t\t\t\t\t\t<img decoding=\"async\" width=\"1024\" height=\"1024\" src=\"https:\/\/gdfondation.ch\/wp-content\/uploads\/2025\/07\/gd_proyectos_camerun-e1753343252114-1024x1024.png\" class=\"attachment-large size-large wp-image-279\" alt=\"\" srcset=\"https:\/\/gdfondation.ch\/wp-content\/uploads\/2025\/07\/gd_proyectos_camerun-e1753343252114-1024x1024.png 1024w, https:\/\/gdfondation.ch\/wp-content\/uploads\/2025\/07\/gd_proyectos_camerun-e1753343252114-300x300.png 300w, https:\/\/gdfondation.ch\/wp-content\/uploads\/2025\/07\/gd_proyectos_camerun-e1753343252114-150x150.png 150w, https:\/\/gdfondation.ch\/wp-content\/uploads\/2025\/07\/gd_proyectos_camerun-e1753343252114-768x768.png 768w, https:\/\/gdfondation.ch\/wp-content\/uploads\/2025\/07\/gd_proyectos_camerun-e1753343252114-1536x1536.png 1536w, https:\/\/gdfondation.ch\/wp-content\/uploads\/2025\/07\/gd_proyectos_camerun-e1753343252114.png 1575w\" sizes=\"(max-width: 1024px) 100vw, 1024px\" \/>\t\t\t\t\t\t\t\t\t\t\t\t\t\t\t<\/div>\n\t\t<div class=\"elementor-element elementor-element-0774917 e-con-full e-flex e-con e-child\" data-id=\"0774917\" data-element_type=\"container\" data-e-type=\"container\">\n\t\t\t\t<div class=\"elementor-element elementor-element-43b5f4c elementor-widget elementor-widget-heading\" data-id=\"43b5f4c\" data-element_type=\"widget\" data-e-type=\"widget\" data-widget_type=\"heading.default\">\n\t\t\t\t\t<h3 class=\"elementor-heading-title elementor-size-default\">Projets<\/h3>\t\t\t\t<\/div>\n\t\t\t\t<div class=\"elementor-element elementor-element-6c58b25 elementor-align-left elementor-mobile-align-center elementor-widget elementor-widget-button\" data-id=\"6c58b25\" data-element_type=\"widget\" data-e-type=\"widget\" data-widget_type=\"button.default\">\n\t\t\t\t\t\t\t\t\t\t<a class=\"elementor-button elementor-button-link elementor-size-sm\" href=\"https:\/\/gdfondation.ch\/fr\/projets\/\">\n\t\t\t\t\t\t<span class=\"elementor-button-content-wrapper\">\n\t\t\t\t\t\t\t\t\t<span class=\"elementor-button-text\">En savoir plus<\/span>\n\t\t\t\t\t<\/span>\n\t\t\t\t\t<\/a>\n\t\t\t\t\t\t\t\t<\/div>\n\t\t\t\t<\/div>\n\t\t\t\t<\/div>\n\t\t\t\t<\/div>\n\t\t\t\t\t<\/div>\n\t\t\t\t<\/div>\n\t\t<div class=\"elementor-element elementor-element-c34c545 e-flex e-con-boxed e-con e-parent\" data-id=\"c34c545\" data-element_type=\"container\" data-e-type=\"container\" data-settings=\"{&quot;background_background&quot;:&quot;classic&quot;}\">\n\t\t\t\t\t<div class=\"e-con-inner\">\n\t\t\t\t<div class=\"elementor-element elementor-element-70e9558 elementor-widget elementor-widget-heading\" data-id=\"70e9558\" data-element_type=\"widget\" data-e-type=\"widget\" data-widget_type=\"heading.default\">\n\t\t\t\t\t<h2 class=\"elementor-heading-title elementor-size-default\">Contact<\/h2>\t\t\t\t<\/div>\n\t\t\t\t<div class=\"elementor-element elementor-element-f83d049 elementor-widget elementor-widget-image\" data-id=\"f83d049\" data-element_type=\"widget\" data-e-type=\"widget\" data-widget_type=\"image.default\">\n\t\t\t\t\t\t\t\t\t\t\t\t\t\t\t<img loading=\"lazy\" decoding=\"async\" width=\"2560\" height=\"1946\" src=\"https:\/\/gdfondation.ch\/wp-content\/uploads\/2025\/07\/logos__GD_1_blanco-scaled.png\" class=\"attachment-full size-full wp-image-251\" alt=\"\" srcset=\"https:\/\/gdfondation.ch\/wp-content\/uploads\/2025\/07\/logos__GD_1_blanco-scaled.png 2560w, https:\/\/gdfondation.ch\/wp-content\/uploads\/2025\/07\/logos__GD_1_blanco-300x228.png 300w, https:\/\/gdfondation.ch\/wp-content\/uploads\/2025\/07\/logos__GD_1_blanco-1024x778.png 1024w, https:\/\/gdfondation.ch\/wp-content\/uploads\/2025\/07\/logos__GD_1_blanco-768x584.png 768w, https:\/\/gdfondation.ch\/wp-content\/uploads\/2025\/07\/logos__GD_1_blanco-1536x1167.png 1536w, https:\/\/gdfondation.ch\/wp-content\/uploads\/2025\/07\/logos__GD_1_blanco-2048x1557.png 2048w\" sizes=\"(max-width: 2560px) 100vw, 2560px\" \/>\t\t\t\t\t\t\t\t\t\t\t\t\t\t\t<\/div>\n\t\t\t\t<div class=\"elementor-element elementor-element-577571b elementor-widget elementor-widget-text-editor\" data-id=\"577571b\" data-element_type=\"widget\" data-e-type=\"widget\" data-widget_type=\"text-editor.default\">\n\t\t\t\t\t\t\t\t\tRoute de Ch\u00eane 30, 1208 Gen\u00e8ve\t\t\t\t\t\t\t\t<\/div>\n\t\t\t\t\t<\/div>\n\t\t\t\t<\/div>\n\t\t\t\t<\/div>\n\t\t","protected":false},"excerpt":{"rendered":"<p>Transparence Politique d&rsquo;Int\u00e9grit\u00e9 et de Bon Gouvernement Depuis nos d\u00e9buts en 2014, nous oeuvrons \u00e0 construire un environnement fond\u00e9 sur [&hellip;]<\/p>\n","protected":false},"author":2,"featured_media":0,"parent":0,"menu_order":0,"comment_status":"closed","ping_status":"closed","template":"","meta":{"site-sidebar-layout":"no-sidebar","site-content-layout":"","ast-site-content-layout":"full-width-container","site-content-style":"unboxed","site-sidebar-style":"default","ast-global-header-display":"","ast-banner-title-visibility":"","ast-main-header-display":"","ast-hfb-above-header-display":"","ast-hfb-below-header-display":"","ast-hfb-mobile-header-display":"","site-post-title":"disabled","ast-breadcrumbs-content":"","ast-featured-img":"disabled","footer-sml-layout":"","ast-disable-related-posts":"","theme-transparent-header-meta":"","adv-header-id-meta":"","stick-header-meta":"","header-above-stick-meta":"","header-main-stick-meta":"","header-below-stick-meta":"","astra-migrate-meta-layouts":"default","ast-page-background-enabled":"default","ast-page-background-meta":{"desktop":{"background-color":"var(--ast-global-color-5)","background-image":"","background-repeat":"repeat","background-position":"center center","background-size":"auto","background-attachment":"scroll","background-type":"","background-media":"","overlay-type":"","overlay-color":"","overlay-opacity":"","overlay-gradient":""},"tablet":{"background-color":"","background-image":"","background-repeat":"repeat","background-position":"center center","background-size":"auto","background-attachment":"scroll","background-type":"","background-media":"","overlay-type":"","overlay-color":"","overlay-opacity":"","overlay-gradient":""},"mobile":{"background-color":"","background-image":"","background-repeat":"repeat","background-position":"center center","background-size":"auto","background-attachment":"scroll","background-type":"","background-media":"","overlay-type":"","overlay-color":"","overlay-opacity":"","overlay-gradient":""}},"ast-content-background-meta":{"desktop":{"background-color":"var(--ast-global-color-4)","background-image":"","background-repeat":"repeat","background-position":"center center","background-size":"auto","background-attachment":"scroll","background-type":"","background-media":"","overlay-type":"","overlay-color":"","overlay-opacity":"","overlay-gradient":""},"tablet":{"background-color":"var(--ast-global-color-4)","background-image":"","background-repeat":"repeat","background-position":"center center","background-size":"auto","background-attachment":"scroll","background-type":"","background-media":"","overlay-type":"","overlay-color":"","overlay-opacity":"","overlay-gradient":""},"mobile":{"background-color":"var(--ast-global-color-4)","background-image":"","background-repeat":"repeat","background-position":"center center","background-size":"auto","background-attachment":"scroll","background-type":"","background-media":"","overlay-type":"","overlay-color":"","overlay-opacity":"","overlay-gradient":""}},"footnotes":""},"class_list":["post-499","page","type-page","status-publish","hentry"],"yoast_head":"<!-- This site is optimized with the Yoast SEO plugin v27.0 - https:\/\/yoast.com\/product\/yoast-seo-wordpress\/ -->\n<title>Transparence - gdfondation<\/title>\n<meta name=\"description\" content=\"Depuis le d\u00e9but de ses activit\u00e9s en 2014, la G&amp;D Fondation a soutenu plus de vingt projets dans seize pays aux quatre coins du monde.\" \/>\n<meta name=\"robots\" content=\"index, follow, max-snippet:-1, max-image-preview:large, max-video-preview:-1\" \/>\n<link rel=\"canonical\" href=\"https:\/\/gdfondation.ch\/fr\/transparence\/\" \/>\n<meta property=\"og:locale\" content=\"fr_FR\" \/>\n<meta property=\"og:type\" content=\"article\" \/>\n<meta property=\"og:title\" content=\"Transparence - gdfondation\" \/>\n<meta property=\"og:description\" content=\"Depuis le d\u00e9but de ses activit\u00e9s en 2014, la G&amp;D Fondation a soutenu plus de vingt projets dans seize pays aux quatre coins du monde.\" \/>\n<meta property=\"og:url\" content=\"https:\/\/gdfondation.ch\/fr\/transparence\/\" \/>\n<meta property=\"og:site_name\" content=\"gdfondation\" \/>\n<meta property=\"article:modified_time\" content=\"2026-02-26T10:34:49+00:00\" \/>\n<meta name=\"twitter:card\" content=\"summary_large_image\" \/>\n<meta name=\"twitter:label1\" content=\"Dur\u00e9e de lecture estim\u00e9e\" \/>\n\t<meta name=\"twitter:data1\" content=\"1 minute\" \/>\n<script type=\"application\/ld+json\" class=\"yoast-schema-graph\">{\"@context\":\"https:\/\/schema.org\",\"@graph\":[{\"@type\":\"WebPage\",\"@id\":\"https:\/\/gdfondation.ch\/fr\/transparence\/\",\"url\":\"https:\/\/gdfondation.ch\/fr\/transparence\/\",\"name\":\"Transparence - gdfondation\",\"isPartOf\":{\"@id\":\"https:\/\/gdfondation.ch\/fr\/#website\"},\"primaryImageOfPage\":{\"@id\":\"https:\/\/gdfondation.ch\/fr\/transparence\/#primaryimage\"},\"image\":{\"@id\":\"https:\/\/gdfondation.ch\/fr\/transparence\/#primaryimage\"},\"thumbnailUrl\":\"https:\/\/gdfondation.ch\/wp-content\/uploads\/2026\/02\/mapa-ayudas-GD.svg\",\"datePublished\":\"2025-07-23T16:15:24+00:00\",\"dateModified\":\"2026-02-26T10:34:49+00:00\",\"description\":\"Depuis le d\u00e9but de ses activit\u00e9s en 2014, la G&D Fondation a soutenu plus de vingt projets dans seize pays aux quatre coins du monde.\",\"breadcrumb\":{\"@id\":\"https:\/\/gdfondation.ch\/fr\/transparence\/#breadcrumb\"},\"inLanguage\":\"fr-FR\",\"potentialAction\":[{\"@type\":\"ReadAction\",\"target\":[\"https:\/\/gdfondation.ch\/fr\/transparence\/\"]}]},{\"@type\":\"ImageObject\",\"inLanguage\":\"fr-FR\",\"@id\":\"https:\/\/gdfondation.ch\/fr\/transparence\/#primaryimage\",\"url\":\"https:\/\/gdfondation.ch\/wp-content\/uploads\/2026\/02\/mapa-ayudas-GD.svg\",\"contentUrl\":\"https:\/\/gdfondation.ch\/wp-content\/uploads\/2026\/02\/mapa-ayudas-GD.svg\"},{\"@type\":\"BreadcrumbList\",\"@id\":\"https:\/\/gdfondation.ch\/fr\/transparence\/#breadcrumb\",\"itemListElement\":[{\"@type\":\"ListItem\",\"position\":1,\"name\":\"Portada\",\"item\":\"https:\/\/gdfondation.ch\/fr\/accueil\/\"},{\"@type\":\"ListItem\",\"position\":2,\"name\":\"Transparence\"}]},{\"@type\":\"WebSite\",\"@id\":\"https:\/\/gdfondation.ch\/fr\/#website\",\"url\":\"https:\/\/gdfondation.ch\/fr\/\",\"name\":\"gdfondation\",\"description\":\"\",\"publisher\":{\"@id\":\"https:\/\/gdfondation.ch\/fr\/#organization\"},\"potentialAction\":[{\"@type\":\"SearchAction\",\"target\":{\"@type\":\"EntryPoint\",\"urlTemplate\":\"https:\/\/gdfondation.ch\/fr\/?s={search_term_string}\"},\"query-input\":{\"@type\":\"PropertyValueSpecification\",\"valueRequired\":true,\"valueName\":\"search_term_string\"}}],\"inLanguage\":\"fr-FR\"},{\"@type\":\"Organization\",\"@id\":\"https:\/\/gdfondation.ch\/fr\/#organization\",\"name\":\"gdfondation\",\"url\":\"https:\/\/gdfondation.ch\/fr\/\",\"logo\":{\"@type\":\"ImageObject\",\"inLanguage\":\"fr-FR\",\"@id\":\"https:\/\/gdfondation.ch\/fr\/#\/schema\/logo\/image\/\",\"url\":\"https:\/\/gdfondation.ch\/wp-content\/uploads\/2025\/07\/icono_degradado.png\",\"contentUrl\":\"https:\/\/gdfondation.ch\/wp-content\/uploads\/2025\/07\/icono_degradado.png\",\"width\":2453,\"height\":1993,\"caption\":\"gdfondation\"},\"image\":{\"@id\":\"https:\/\/gdfondation.ch\/fr\/#\/schema\/logo\/image\/\"}}]}<\/script>\n<!-- \/ Yoast SEO plugin. -->","yoast_head_json":{"title":"Transparence - gdfondation","description":"Depuis le d\u00e9but de ses activit\u00e9s en 2014, la G&D Fondation a soutenu plus de vingt projets dans seize pays aux quatre coins du monde.","robots":{"index":"index","follow":"follow","max-snippet":"max-snippet:-1","max-image-preview":"max-image-preview:large","max-video-preview":"max-video-preview:-1"},"canonical":"https:\/\/gdfondation.ch\/fr\/transparence\/","og_locale":"fr_FR","og_type":"article","og_title":"Transparence - gdfondation","og_description":"Depuis le d\u00e9but de ses activit\u00e9s en 2014, la G&D Fondation a soutenu plus de vingt projets dans seize pays aux quatre coins du monde.","og_url":"https:\/\/gdfondation.ch\/fr\/transparence\/","og_site_name":"gdfondation","article_modified_time":"2026-02-26T10:34:49+00:00","twitter_card":"summary_large_image","twitter_misc":{"Dur\u00e9e de lecture estim\u00e9e":"1 minute"},"schema":{"@context":"https:\/\/schema.org","@graph":[{"@type":"WebPage","@id":"https:\/\/gdfondation.ch\/fr\/transparence\/","url":"https:\/\/gdfondation.ch\/fr\/transparence\/","name":"Transparence - gdfondation","isPartOf":{"@id":"https:\/\/gdfondation.ch\/fr\/#website"},"primaryImageOfPage":{"@id":"https:\/\/gdfondation.ch\/fr\/transparence\/#primaryimage"},"image":{"@id":"https:\/\/gdfondation.ch\/fr\/transparence\/#primaryimage"},"thumbnailUrl":"https:\/\/gdfondation.ch\/wp-content\/uploads\/2026\/02\/mapa-ayudas-GD.svg","datePublished":"2025-07-23T16:15:24+00:00","dateModified":"2026-02-26T10:34:49+00:00","description":"Depuis le d\u00e9but de ses activit\u00e9s en 2014, la G&D Fondation a soutenu plus de vingt projets dans seize pays aux quatre coins du monde.","breadcrumb":{"@id":"https:\/\/gdfondation.ch\/fr\/transparence\/#breadcrumb"},"inLanguage":"fr-FR","potentialAction":[{"@type":"ReadAction","target":["https:\/\/gdfondation.ch\/fr\/transparence\/"]}]},{"@type":"ImageObject","inLanguage":"fr-FR","@id":"https:\/\/gdfondation.ch\/fr\/transparence\/#primaryimage","url":"https:\/\/gdfondation.ch\/wp-content\/uploads\/2026\/02\/mapa-ayudas-GD.svg","contentUrl":"https:\/\/gdfondation.ch\/wp-content\/uploads\/2026\/02\/mapa-ayudas-GD.svg"},{"@type":"BreadcrumbList","@id":"https:\/\/gdfondation.ch\/fr\/transparence\/#breadcrumb","itemListElement":[{"@type":"ListItem","position":1,"name":"Portada","item":"https:\/\/gdfondation.ch\/fr\/accueil\/"},{"@type":"ListItem","position":2,"name":"Transparence"}]},{"@type":"WebSite","@id":"https:\/\/gdfondation.ch\/fr\/#website","url":"https:\/\/gdfondation.ch\/fr\/","name":"gdfondation","description":"","publisher":{"@id":"https:\/\/gdfondation.ch\/fr\/#organization"},"potentialAction":[{"@type":"SearchAction","target":{"@type":"EntryPoint","urlTemplate":"https:\/\/gdfondation.ch\/fr\/?s={search_term_string}"},"query-input":{"@type":"PropertyValueSpecification","valueRequired":true,"valueName":"search_term_string"}}],"inLanguage":"fr-FR"},{"@type":"Organization","@id":"https:\/\/gdfondation.ch\/fr\/#organization","name":"gdfondation","url":"https:\/\/gdfondation.ch\/fr\/","logo":{"@type":"ImageObject","inLanguage":"fr-FR","@id":"https:\/\/gdfondation.ch\/fr\/#\/schema\/logo\/image\/","url":"https:\/\/gdfondation.ch\/wp-content\/uploads\/2025\/07\/icono_degradado.png","contentUrl":"https:\/\/gdfondation.ch\/wp-content\/uploads\/2025\/07\/icono_degradado.png","width":2453,"height":1993,"caption":"gdfondation"},"image":{"@id":"https:\/\/gdfondation.ch\/fr\/#\/schema\/logo\/image\/"}}]}},"_links":{"self":[{"href":"https:\/\/gdfondation.ch\/fr\/wp-json\/wp\/v2\/pages\/499","targetHints":{"allow":["GET"]}}],"collection":[{"href":"https:\/\/gdfondation.ch\/fr\/wp-json\/wp\/v2\/pages"}],"about":[{"href":"https:\/\/gdfondation.ch\/fr\/wp-json\/wp\/v2\/types\/page"}],"author":[{"embeddable":true,"href":"https:\/\/gdfondation.ch\/fr\/wp-json\/wp\/v2\/users\/2"}],"replies":[{"embeddable":true,"href":"https:\/\/gdfondation.ch\/fr\/wp-json\/wp\/v2\/comments?post=499"}],"version-history":[{"count":6,"href":"https:\/\/gdfondation.ch\/fr\/wp-json\/wp\/v2\/pages\/499\/revisions"}],"predecessor-version":[{"id":697,"href":"https:\/\/gdfondation.ch\/fr\/wp-json\/wp\/v2\/pages\/499\/revisions\/697"}],"wp:attachment":[{"href":"https:\/\/gdfondation.ch\/fr\/wp-json\/wp\/v2\/media?parent=499"}],"curies":[{"name":"wp","href":"https:\/\/api.w.org\/{rel}","templated":true}]}}