{"id":637,"date":"2026-01-28T11:03:16","date_gmt":"2026-01-28T10:03:16","guid":{"rendered":"https:\/\/gdfondation.ch\/contribuer-a-la-fondation\/"},"modified":"2026-01-28T18:19:06","modified_gmt":"2026-01-28T17:19:06","slug":"contribuer-a-la-fondation","status":"publish","type":"page","link":"https:\/\/gdfondation.ch\/fr\/contribuer-a-la-fondation\/","title":{"rendered":"Contribuer \u00e0 la Fondation"},"content":{"rendered":"\t\t<div data-elementor-type=\"wp-page\" data-elementor-id=\"637\" class=\"elementor elementor-637 elementor-615\">\n\t\t\t\t<div class=\"elementor-element elementor-element-6404626 e-flex e-con-boxed e-con e-parent\" data-id=\"6404626\" data-element_type=\"container\" data-e-type=\"container\" data-settings=\"{&quot;background_background&quot;:&quot;classic&quot;}\">\n\t\t\t\t\t<div class=\"e-con-inner\">\n\t\t\t\t<div class=\"elementor-element elementor-element-4acd688 elementor-widget elementor-widget-heading\" data-id=\"4acd688\" data-element_type=\"widget\" data-e-type=\"widget\" data-widget_type=\"heading.default\">\n\t\t\t\t\t<h1 class=\"elementor-heading-title elementor-size-default\">Contribuer \u00e0 la Fondation<\/h1>\t\t\t\t<\/div>\n\t\t\t\t<div class=\"elementor-element elementor-element-f1eb33b elementor-widget elementor-widget-text-editor\" data-id=\"f1eb33b\" data-element_type=\"widget\" data-e-type=\"widget\" data-widget_type=\"text-editor.default\">\n\t\t\t\t\t\t\t\t\tChaque contribution est un geste de confiance qui soutient des projets sociaux, \u00e9ducatifs et de recherche \u00e0 impact r\u00e9el.\n\n\t\t\t\t\t\t\t\t<\/div>\n\t\t\t\t<div class=\"elementor-element elementor-element-465777f elementor-widget elementor-widget-spacer\" data-id=\"465777f\" data-element_type=\"widget\" data-e-type=\"widget\" data-widget_type=\"spacer.default\">\n\t\t\t\t\t\t\t<div class=\"elementor-spacer\">\n\t\t\t<div class=\"elementor-spacer-inner\"><\/div>\n\t\t<\/div>\n\t\t\t\t\t\t<\/div>\n\t\t\t\t<div class=\"elementor-element elementor-element-cc1accf elementor-widget elementor-widget-text-editor\" data-id=\"cc1accf\" data-element_type=\"widget\" data-e-type=\"widget\" data-widget_type=\"text-editor.default\">\n\t\t\t\t\t\t\t\t\tImage : Iwollo Rural Health Centre (Nigeria)\t\t\t\t\t\t\t\t<\/div>\n\t\t\t\t\t<\/div>\n\t\t\t\t<\/div>\n\t\t<div class=\"elementor-element elementor-element-523b0e6 e-flex e-con-boxed e-con e-parent\" data-id=\"523b0e6\" data-element_type=\"container\" data-e-type=\"container\">\n\t\t\t\t\t<div class=\"e-con-inner\">\n\t\t\t\t<div class=\"elementor-element elementor-element-d238523 elementor-widget elementor-widget-shortcode\" data-id=\"d238523\" data-element_type=\"widget\" data-e-type=\"widget\" data-widget_type=\"shortcode.default\">\n\t\t\t\t\t\t\t<div class=\"elementor-shortcode\">\n<div class=\"wpcf7 no-js\" id=\"wpcf7-f639-o1\" lang=\"fr-FR\" dir=\"ltr\" data-wpcf7-id=\"639\">\n<div class=\"screen-reader-response\"><p role=\"status\" aria-live=\"polite\" aria-atomic=\"true\"><\/p> <ul><\/ul><\/div>\n<form action=\"\/fr\/wp-json\/wp\/v2\/pages\/637#wpcf7-f639-o1\" method=\"post\" class=\"wpcf7-form init\" aria-label=\"Formulaire de contact\" novalidate=\"novalidate\" data-status=\"init\">\n<fieldset class=\"hidden-fields-container\"><input type=\"hidden\" name=\"_wpcf7\" value=\"639\" \/><input type=\"hidden\" name=\"_wpcf7_version\" value=\"6.1.5\" \/><input type=\"hidden\" name=\"_wpcf7_locale\" value=\"fr_FR\" \/><input type=\"hidden\" name=\"_wpcf7_unit_tag\" value=\"wpcf7-f639-o1\" \/><input type=\"hidden\" name=\"_wpcf7_container_post\" value=\"0\" \/><input type=\"hidden\" name=\"_wpcf7_posted_data_hash\" value=\"\" \/>\n<\/fieldset>\n<p><label> Nom complet \/ Raison sociale*<br \/>\n<span class=\"wpcf7-form-control-wrap\" data-name=\"nombre-completo\"><input size=\"40\" maxlength=\"400\" class=\"wpcf7-form-control wpcf7-text wpcf7-validates-as-required\" aria-required=\"true\" aria-invalid=\"false\" value=\"\" type=\"text\" name=\"nombre-completo\" \/><\/span> <\/label>\n<\/p>\n<p><label> Adresse e-mail*<br \/>\n<span class=\"wpcf7-form-control-wrap\" data-name=\"correo\"><input size=\"40\" maxlength=\"400\" class=\"wpcf7-form-control wpcf7-email wpcf7-validates-as-required wpcf7-text wpcf7-validates-as-email\" aria-required=\"true\" aria-invalid=\"false\" value=\"\" type=\"email\" name=\"correo\" \/><\/span> <\/label>\n<\/p>\n<p><label> Pays de r\u00e9sidence*<br \/>\n<span class=\"wpcf7-form-control-wrap\" data-name=\"pais\"><input size=\"40\" maxlength=\"400\" class=\"wpcf7-form-control wpcf7-text wpcf7-validates-as-required\" aria-required=\"true\" aria-invalid=\"false\" value=\"\" type=\"text\" name=\"pais\" \/><\/span> <\/label>\n<\/p>\n<p><label> Domicile l\u00e9gal<br \/>\n<span class=\"wpcf7-form-control-wrap\" data-name=\"domicilio\"><input size=\"40\" maxlength=\"400\" class=\"wpcf7-form-control wpcf7-text\" aria-invalid=\"false\" value=\"\" type=\"text\" name=\"domicilio\" \/><\/span> <\/label>\n<\/p>\n<p><label> Montant estim\u00e9 de la contribution<br \/>\n<span class=\"wpcf7-form-control-wrap\" data-name=\"rango-aportacion\"><input size=\"40\" maxlength=\"400\" class=\"wpcf7-form-control wpcf7-text\" aria-invalid=\"false\" value=\"\" type=\"text\" name=\"rango-aportacion\" \/><\/span> <\/label>\n<\/p>\n<p><span class=\"wpcf7-form-control-wrap\" data-name=\"aceptacion-datos\"><span class=\"wpcf7-form-control wpcf7-acceptance\"><span class=\"wpcf7-list-item\"><label><input type=\"checkbox\" name=\"aceptacion-datos\" value=\"1\" class=\"required\" aria-invalid=\"false\" \/><span class=\"wpcf7-list-item-label\">Je d\u00e9clare avoir lu et accept\u00e9 la r\u00e9f\u00e9rence \u00e0 la <a href=\"https:\/\/gdfondation.ch\/politica-privacidad\/\" target=\"_blank\">Politique de Protection des Donn\u00e9es<\/a> conform\u00e9ment \u00e0 la Loi Suisse sur la Protection des Donn\u00e9es (FADP).*<\/span><\/label><\/span><\/span><\/span>\n<\/p>\n<p><input class=\"wpcf7-form-control wpcf7-submit has-spinner\" type=\"submit\" value=\"Envoyer\" \/>\n<\/p><p style=\"display: none !important;\" class=\"akismet-fields-container\" data-prefix=\"_wpcf7_ak_\"><label>&#916;<textarea name=\"_wpcf7_ak_hp_textarea\" cols=\"45\" rows=\"8\" maxlength=\"100\"><\/textarea><\/label><input type=\"hidden\" id=\"ak_js_1\" name=\"_wpcf7_ak_js\" value=\"123\"\/><script>document.getElementById( \"ak_js_1\" ).setAttribute( \"value\", ( new Date() ).getTime() );<\/script><\/p><div class=\"wpcf7-response-output\" aria-hidden=\"true\"><\/div>\n<\/form>\n<\/div>\n<\/div>\n\t\t\t\t\t\t<\/div>\n\t\t\t\t<div class=\"elementor-element elementor-element-8a7f1fa elementor-widget elementor-widget-text-editor\" data-id=\"8a7f1fa\" data-element_type=\"widget\" data-e-type=\"widget\" data-widget_type=\"text-editor.default\">\n\t\t\t\t\t\t\t\t\t<p><span style=\"font-style: inherit; font-weight: inherit;\">Au sein de la Fondation G&amp;D, nous agissons conform\u00e9ment au droit suisse et aux meilleures pratiques internationales en mati\u00e8re de gouvernance et de protection des donn\u00e9es.<\/span><\/p><p><span style=\"font-style: inherit; font-weight: inherit;\">Les informations fournies par les donateurs sont trait\u00e9es avec discr\u00e9tion, soin et dans le strict respect de la Loi f\u00e9d\u00e9rale suisse sur la protection des donn\u00e9es (LPD).<\/span><\/p><p><span style=\"font-style: inherit; font-weight: inherit;\">\u00c0 toutes celles et ceux qui nous accompagnent, merci de permettre \u00e0 notre mission d\u2019aller plus loin.<\/span><\/p>\t\t\t\t\t\t\t\t<\/div>\n\t\t\t\t\t<\/div>\n\t\t\t\t<\/div>\n\t\t<div class=\"elementor-element elementor-element-c7c1acc e-flex e-con-boxed e-con e-parent\" data-id=\"c7c1acc\" data-element_type=\"container\" data-e-type=\"container\" data-settings=\"{&quot;background_background&quot;:&quot;classic&quot;}\">\n\t\t\t\t\t<div class=\"e-con-inner\">\n\t\t\t\t<div class=\"elementor-element elementor-element-60df770 elementor-widget elementor-widget-heading\" data-id=\"60df770\" data-element_type=\"widget\" data-e-type=\"widget\" data-widget_type=\"heading.default\">\n\t\t\t\t\t<h2 class=\"elementor-heading-title elementor-size-default\">Contact<\/h2>\t\t\t\t<\/div>\n\t\t\t\t<div class=\"elementor-element elementor-element-b1011c2 elementor-widget elementor-widget-image\" data-id=\"b1011c2\" data-element_type=\"widget\" data-e-type=\"widget\" data-widget_type=\"image.default\">\n\t\t\t\t\t\t\t\t\t\t\t\t\t\t\t<img fetchpriority=\"high\" decoding=\"async\" width=\"2560\" height=\"1946\" src=\"https:\/\/gdfondation.ch\/wp-content\/uploads\/2025\/07\/logos__GD_1_blanco-scaled.png\" class=\"attachment-full size-full wp-image-251\" alt=\"\" srcset=\"https:\/\/gdfondation.ch\/wp-content\/uploads\/2025\/07\/logos__GD_1_blanco-scaled.png 2560w, https:\/\/gdfondation.ch\/wp-content\/uploads\/2025\/07\/logos__GD_1_blanco-300x228.png 300w, https:\/\/gdfondation.ch\/wp-content\/uploads\/2025\/07\/logos__GD_1_blanco-1024x778.png 1024w, https:\/\/gdfondation.ch\/wp-content\/uploads\/2025\/07\/logos__GD_1_blanco-768x584.png 768w, https:\/\/gdfondation.ch\/wp-content\/uploads\/2025\/07\/logos__GD_1_blanco-1536x1167.png 1536w, https:\/\/gdfondation.ch\/wp-content\/uploads\/2025\/07\/logos__GD_1_blanco-2048x1557.png 2048w\" sizes=\"(max-width: 2560px) 100vw, 2560px\" \/>\t\t\t\t\t\t\t\t\t\t\t\t\t\t\t<\/div>\n\t\t\t\t<div class=\"elementor-element elementor-element-823feca elementor-widget elementor-widget-text-editor\" data-id=\"823feca\" data-element_type=\"widget\" data-e-type=\"widget\" data-widget_type=\"text-editor.default\">\n\t\t\t\t\t\t\t\t\tRoute de Ch\u00eane 30, 1208 Gen\u00e8ve\t\t\t\t\t\t\t\t<\/div>\n\t\t\t\t\t<\/div>\n\t\t\t\t<\/div>\n\t\t\t\t<\/div>\n\t\t","protected":false},"excerpt":{"rendered":"<p>Contribuer \u00e0 la Fondation Chaque contribution est un geste de confiance qui soutient des projets sociaux, \u00e9ducatifs et de recherche [&hellip;]<\/p>\n","protected":false},"author":2,"featured_media":0,"parent":0,"menu_order":0,"comment_status":"closed","ping_status":"closed","template":"","meta":{"site-sidebar-layout":"no-sidebar","site-content-layout":"","ast-site-content-layout":"full-width-container","site-content-style":"default","site-sidebar-style":"default","ast-global-header-display":"","ast-banner-title-visibility":"","ast-main-header-display":"","ast-hfb-above-header-display":"","ast-hfb-below-header-display":"","ast-hfb-mobile-header-display":"","site-post-title":"disabled","ast-breadcrumbs-content":"","ast-featured-img":"disabled","footer-sml-layout":"","ast-disable-related-posts":"","theme-transparent-header-meta":"","adv-header-id-meta":"","stick-header-meta":"","header-above-stick-meta":"","header-main-stick-meta":"","header-below-stick-meta":"","astra-migrate-meta-layouts":"default","ast-page-background-enabled":"default","ast-page-background-meta":{"desktop":{"background-color":"var(--ast-global-color-5)","background-image":"","background-repeat":"repeat","background-position":"center center","background-size":"auto","background-attachment":"scroll","background-type":"","background-media":"","overlay-type":"","overlay-color":"","overlay-opacity":"","overlay-gradient":""},"tablet":{"background-color":"","background-image":"","background-repeat":"repeat","background-position":"center center","background-size":"auto","background-attachment":"scroll","background-type":"","background-media":"","overlay-type":"","overlay-color":"","overlay-opacity":"","overlay-gradient":""},"mobile":{"background-color":"","background-image":"","background-repeat":"repeat","background-position":"center center","background-size":"auto","background-attachment":"scroll","background-type":"","background-media":"","overlay-type":"","overlay-color":"","overlay-opacity":"","overlay-gradient":""}},"ast-content-background-meta":{"desktop":{"background-color":"var(--ast-global-color-4)","background-image":"","background-repeat":"repeat","background-position":"center center","background-size":"auto","background-attachment":"scroll","background-type":"","background-media":"","overlay-type":"","overlay-color":"","overlay-opacity":"","overlay-gradient":""},"tablet":{"background-color":"var(--ast-global-color-4)","background-image":"","background-repeat":"repeat","background-position":"center center","background-size":"auto","background-attachment":"scroll","background-type":"","background-media":"","overlay-type":"","overlay-color":"","overlay-opacity":"","overlay-gradient":""},"mobile":{"background-color":"var(--ast-global-color-4)","background-image":"","background-repeat":"repeat","background-position":"center center","background-size":"auto","background-attachment":"scroll","background-type":"","background-media":"","overlay-type":"","overlay-color":"","overlay-opacity":"","overlay-gradient":""}},"footnotes":""},"class_list":["post-637","page","type-page","status-publish","hentry"],"yoast_head":"<!-- This site is optimized with the Yoast SEO plugin v27.0 - https:\/\/yoast.com\/product\/yoast-seo-wordpress\/ -->\n<title>Contribuer \u00e0 la Fondation - gdfondation<\/title>\n<meta name=\"robots\" content=\"index, follow, max-snippet:-1, max-image-preview:large, max-video-preview:-1\" \/>\n<link rel=\"canonical\" href=\"https:\/\/gdfondation.ch\/fr\/contribuer-a-la-fondation\/\" \/>\n<meta property=\"og:locale\" content=\"fr_FR\" \/>\n<meta property=\"og:type\" content=\"article\" \/>\n<meta property=\"og:title\" content=\"Contribuer \u00e0 la Fondation - gdfondation\" \/>\n<meta property=\"og:description\" content=\"Contribuer \u00e0 la Fondation Chaque contribution est un geste de confiance qui soutient des projets sociaux, \u00e9ducatifs et de recherche [&hellip;]\" \/>\n<meta property=\"og:url\" content=\"https:\/\/gdfondation.ch\/fr\/contribuer-a-la-fondation\/\" \/>\n<meta property=\"og:site_name\" content=\"gdfondation\" \/>\n<meta property=\"article:modified_time\" content=\"2026-01-28T17:19:06+00:00\" \/>\n<meta property=\"og:image\" content=\"https:\/\/gdfondation.ch\/wp-content\/uploads\/2025\/07\/logos__GD_1_blanco-scaled.png\" \/>\n\t<meta property=\"og:image:width\" content=\"2560\" \/>\n\t<meta property=\"og:image:height\" content=\"1946\" \/>\n\t<meta property=\"og:image:type\" content=\"image\/png\" \/>\n<meta name=\"twitter:card\" content=\"summary_large_image\" \/>\n<meta name=\"twitter:label1\" content=\"Dur\u00e9e de lecture estim\u00e9e\" \/>\n\t<meta name=\"twitter:data1\" content=\"1 minute\" \/>\n<script type=\"application\/ld+json\" class=\"yoast-schema-graph\">{\"@context\":\"https:\/\/schema.org\",\"@graph\":[{\"@type\":\"WebPage\",\"@id\":\"https:\/\/gdfondation.ch\/fr\/contribuer-a-la-fondation\/\",\"url\":\"https:\/\/gdfondation.ch\/fr\/contribuer-a-la-fondation\/\",\"name\":\"Contribuer \u00e0 la Fondation - gdfondation\",\"isPartOf\":{\"@id\":\"https:\/\/gdfondation.ch\/fr\/#website\"},\"primaryImageOfPage\":{\"@id\":\"https:\/\/gdfondation.ch\/fr\/contribuer-a-la-fondation\/#primaryimage\"},\"image\":{\"@id\":\"https:\/\/gdfondation.ch\/fr\/contribuer-a-la-fondation\/#primaryimage\"},\"thumbnailUrl\":\"https:\/\/gdfondation.ch\/wp-content\/uploads\/2025\/07\/logos__GD_1_blanco-scaled.png\",\"datePublished\":\"2026-01-28T10:03:16+00:00\",\"dateModified\":\"2026-01-28T17:19:06+00:00\",\"breadcrumb\":{\"@id\":\"https:\/\/gdfondation.ch\/fr\/contribuer-a-la-fondation\/#breadcrumb\"},\"inLanguage\":\"fr-FR\",\"potentialAction\":[{\"@type\":\"ReadAction\",\"target\":[\"https:\/\/gdfondation.ch\/fr\/contribuer-a-la-fondation\/\"]}]},{\"@type\":\"ImageObject\",\"inLanguage\":\"fr-FR\",\"@id\":\"https:\/\/gdfondation.ch\/fr\/contribuer-a-la-fondation\/#primaryimage\",\"url\":\"https:\/\/gdfondation.ch\/wp-content\/uploads\/2025\/07\/logos__GD_1_blanco-scaled.png\",\"contentUrl\":\"https:\/\/gdfondation.ch\/wp-content\/uploads\/2025\/07\/logos__GD_1_blanco-scaled.png\"},{\"@type\":\"BreadcrumbList\",\"@id\":\"https:\/\/gdfondation.ch\/fr\/contribuer-a-la-fondation\/#breadcrumb\",\"itemListElement\":[{\"@type\":\"ListItem\",\"position\":1,\"name\":\"Portada\",\"item\":\"https:\/\/gdfondation.ch\/fr\/accueil\/\"},{\"@type\":\"ListItem\",\"position\":2,\"name\":\"Contribuer \u00e0 la Fondation\"}]},{\"@type\":\"WebSite\",\"@id\":\"https:\/\/gdfondation.ch\/fr\/#website\",\"url\":\"https:\/\/gdfondation.ch\/fr\/\",\"name\":\"gdfondation\",\"description\":\"\",\"publisher\":{\"@id\":\"https:\/\/gdfondation.ch\/fr\/#organization\"},\"potentialAction\":[{\"@type\":\"SearchAction\",\"target\":{\"@type\":\"EntryPoint\",\"urlTemplate\":\"https:\/\/gdfondation.ch\/fr\/?s={search_term_string}\"},\"query-input\":{\"@type\":\"PropertyValueSpecification\",\"valueRequired\":true,\"valueName\":\"search_term_string\"}}],\"inLanguage\":\"fr-FR\"},{\"@type\":\"Organization\",\"@id\":\"https:\/\/gdfondation.ch\/fr\/#organization\",\"name\":\"gdfondation\",\"url\":\"https:\/\/gdfondation.ch\/fr\/\",\"logo\":{\"@type\":\"ImageObject\",\"inLanguage\":\"fr-FR\",\"@id\":\"https:\/\/gdfondation.ch\/fr\/#\/schema\/logo\/image\/\",\"url\":\"https:\/\/gdfondation.ch\/wp-content\/uploads\/2025\/07\/icono_degradado.png\",\"contentUrl\":\"https:\/\/gdfondation.ch\/wp-content\/uploads\/2025\/07\/icono_degradado.png\",\"width\":2453,\"height\":1993,\"caption\":\"gdfondation\"},\"image\":{\"@id\":\"https:\/\/gdfondation.ch\/fr\/#\/schema\/logo\/image\/\"}}]}<\/script>\n<!-- \/ Yoast SEO plugin. -->","yoast_head_json":{"title":"Contribuer \u00e0 la Fondation - gdfondation","robots":{"index":"index","follow":"follow","max-snippet":"max-snippet:-1","max-image-preview":"max-image-preview:large","max-video-preview":"max-video-preview:-1"},"canonical":"https:\/\/gdfondation.ch\/fr\/contribuer-a-la-fondation\/","og_locale":"fr_FR","og_type":"article","og_title":"Contribuer \u00e0 la Fondation - gdfondation","og_description":"Contribuer \u00e0 la Fondation Chaque contribution est un geste de confiance qui soutient des projets sociaux, \u00e9ducatifs et de recherche [&hellip;]","og_url":"https:\/\/gdfondation.ch\/fr\/contribuer-a-la-fondation\/","og_site_name":"gdfondation","article_modified_time":"2026-01-28T17:19:06+00:00","og_image":[{"width":2560,"height":1946,"url":"https:\/\/gdfondation.ch\/wp-content\/uploads\/2025\/07\/logos__GD_1_blanco-scaled.png","type":"image\/png"}],"twitter_card":"summary_large_image","twitter_misc":{"Dur\u00e9e de lecture estim\u00e9e":"1 minute"},"schema":{"@context":"https:\/\/schema.org","@graph":[{"@type":"WebPage","@id":"https:\/\/gdfondation.ch\/fr\/contribuer-a-la-fondation\/","url":"https:\/\/gdfondation.ch\/fr\/contribuer-a-la-fondation\/","name":"Contribuer \u00e0 la Fondation - gdfondation","isPartOf":{"@id":"https:\/\/gdfondation.ch\/fr\/#website"},"primaryImageOfPage":{"@id":"https:\/\/gdfondation.ch\/fr\/contribuer-a-la-fondation\/#primaryimage"},"image":{"@id":"https:\/\/gdfondation.ch\/fr\/contribuer-a-la-fondation\/#primaryimage"},"thumbnailUrl":"https:\/\/gdfondation.ch\/wp-content\/uploads\/2025\/07\/logos__GD_1_blanco-scaled.png","datePublished":"2026-01-28T10:03:16+00:00","dateModified":"2026-01-28T17:19:06+00:00","breadcrumb":{"@id":"https:\/\/gdfondation.ch\/fr\/contribuer-a-la-fondation\/#breadcrumb"},"inLanguage":"fr-FR","potentialAction":[{"@type":"ReadAction","target":["https:\/\/gdfondation.ch\/fr\/contribuer-a-la-fondation\/"]}]},{"@type":"ImageObject","inLanguage":"fr-FR","@id":"https:\/\/gdfondation.ch\/fr\/contribuer-a-la-fondation\/#primaryimage","url":"https:\/\/gdfondation.ch\/wp-content\/uploads\/2025\/07\/logos__GD_1_blanco-scaled.png","contentUrl":"https:\/\/gdfondation.ch\/wp-content\/uploads\/2025\/07\/logos__GD_1_blanco-scaled.png"},{"@type":"BreadcrumbList","@id":"https:\/\/gdfondation.ch\/fr\/contribuer-a-la-fondation\/#breadcrumb","itemListElement":[{"@type":"ListItem","position":1,"name":"Portada","item":"https:\/\/gdfondation.ch\/fr\/accueil\/"},{"@type":"ListItem","position":2,"name":"Contribuer \u00e0 la Fondation"}]},{"@type":"WebSite","@id":"https:\/\/gdfondation.ch\/fr\/#website","url":"https:\/\/gdfondation.ch\/fr\/","name":"gdfondation","description":"","publisher":{"@id":"https:\/\/gdfondation.ch\/fr\/#organization"},"potentialAction":[{"@type":"SearchAction","target":{"@type":"EntryPoint","urlTemplate":"https:\/\/gdfondation.ch\/fr\/?s={search_term_string}"},"query-input":{"@type":"PropertyValueSpecification","valueRequired":true,"valueName":"search_term_string"}}],"inLanguage":"fr-FR"},{"@type":"Organization","@id":"https:\/\/gdfondation.ch\/fr\/#organization","name":"gdfondation","url":"https:\/\/gdfondation.ch\/fr\/","logo":{"@type":"ImageObject","inLanguage":"fr-FR","@id":"https:\/\/gdfondation.ch\/fr\/#\/schema\/logo\/image\/","url":"https:\/\/gdfondation.ch\/wp-content\/uploads\/2025\/07\/icono_degradado.png","contentUrl":"https:\/\/gdfondation.ch\/wp-content\/uploads\/2025\/07\/icono_degradado.png","width":2453,"height":1993,"caption":"gdfondation"},"image":{"@id":"https:\/\/gdfondation.ch\/fr\/#\/schema\/logo\/image\/"}}]}},"_links":{"self":[{"href":"https:\/\/gdfondation.ch\/fr\/wp-json\/wp\/v2\/pages\/637","targetHints":{"allow":["GET"]}}],"collection":[{"href":"https:\/\/gdfondation.ch\/fr\/wp-json\/wp\/v2\/pages"}],"about":[{"href":"https:\/\/gdfondation.ch\/fr\/wp-json\/wp\/v2\/types\/page"}],"author":[{"embeddable":true,"href":"https:\/\/gdfondation.ch\/fr\/wp-json\/wp\/v2\/users\/2"}],"replies":[{"embeddable":true,"href":"https:\/\/gdfondation.ch\/fr\/wp-json\/wp\/v2\/comments?post=637"}],"version-history":[{"count":1,"href":"https:\/\/gdfondation.ch\/fr\/wp-json\/wp\/v2\/pages\/637\/revisions"}],"predecessor-version":[{"id":638,"href":"https:\/\/gdfondation.ch\/fr\/wp-json\/wp\/v2\/pages\/637\/revisions\/638"}],"wp:attachment":[{"href":"https:\/\/gdfondation.ch\/fr\/wp-json\/wp\/v2\/media?parent=637"}],"curies":[{"name":"wp","href":"https:\/\/api.w.org\/{rel}","templated":true}]}}